{"id":3347,"date":"2024-11-09T11:15:33","date_gmt":"2024-11-09T08:15:33","guid":{"rendered":"https:\/\/myco.site\/?page_id=3347"},"modified":"2024-12-10T17:31:49","modified_gmt":"2024-12-10T14:31:49","slug":"kullanim-sartlari","status":"publish","type":"page","link":"https:\/\/myco.site\/tr\/kullanim-sartlari\/","title":{"rendered":"Kullan\u0131m \u015eartlar\u0131"},"content":{"rendered":"<style>.elementor-3347 .elementor-element.elementor-element-6f38877:not(.elementor-motion-effects-element-type-background), .elementor-3347 .elementor-element.elementor-element-6f38877 > .elementor-motion-effects-container > .elementor-motion-effects-layer{background-color:transparent;background-image:linear-gradient(180deg, var( --e-global-color-23650b9 ) 55%, var( --e-global-color-1fff057 ) 100%);}.elementor-3347 .elementor-element.elementor-element-6f38877 > .elementor-background-overlay{background-image:url(\"https:\/\/myco.site\/wp-content\/uploads\/2024\/10\/Background-pattern-png.webp\");background-position:center left;background-size:80% auto;opacity:0.4;transition:background 0.3s, border-radius 0.3s, opacity 0.3s;}.elementor-3347 .elementor-element.elementor-element-6f38877{transition:background 0.3s, border 0.3s, border-radius 0.3s, box-shadow 0.3s;margin-top:-84px;margin-bottom:0px;padding:250px 15px 125px 15px;}.elementor-3347 .elementor-element.elementor-element-6f38877 > .elementor-shape-bottom svg{transform:translateX(-50%) rotateY(180deg);}.elementor-bc-flex-widget .elementor-3347 .elementor-element.elementor-element-6d92516.elementor-column .elementor-widget-wrap{align-items:center;}.elementor-3347 .elementor-element.elementor-element-6d92516.elementor-column.elementor-element[data-element_type=\"column\"] > .elementor-widget-wrap.elementor-element-populated{align-content:center;align-items:center;}.elementor-3347 .elementor-element.elementor-element-6d92516.elementor-column > .elementor-widget-wrap{justify-content:center;}.elementor-3347 .elementor-element.elementor-element-3978487 .jeg-elementor-kit.jkit-heading .heading-title > span.style-gradient{background-color:transparent;background-image:linear-gradient(160deg, var( --e-global-color-primary ) 35%, #A8A8BD 100%);}.elementor-3347 .elementor-element.elementor-element-3978487 > .elementor-widget-container{margin:0px 0px -10px 0px;}.elementor-3347 .elementor-element.elementor-element-3978487 .jeg-elementor-kit.jkit-heading{text-align:center;}.elementor-3347 .elementor-element.elementor-element-3978487 .jeg-elementor-kit.jkit-heading .heading-title{-webkit-box-decoration-break:clone;box-decoration-break:clone;display:inline;font-family:var( --e-global-typography-82ec739-font-family ), Sans-serif;font-size:var( --e-global-typography-82ec739-font-size );font-weight:var( --e-global-typography-82ec739-font-weight );line-height:var( --e-global-typography-82ec739-line-height );letter-spacing:var( --e-global-typography-82ec739-letter-spacing );color:var( --e-global-color-23650b9 );}.elementor-3347 .elementor-element.elementor-element-3978487 .jeg-elementor-kit.jkit-heading .heading-section-title{margin:0px 0px 0px 0px;}.elementor-3347 .elementor-element.elementor-element-3978487 .jeg-elementor-kit.jkit-heading .heading-title > span{font-family:var( --e-global-typography-82ec739-font-family ), Sans-serif;font-size:var( --e-global-typography-82ec739-font-size );font-weight:var( --e-global-typography-82ec739-font-weight );line-height:var( --e-global-typography-82ec739-line-height );letter-spacing:var( --e-global-typography-82ec739-letter-spacing );padding:0px 0px 0px 0px;}.elementor-3347 .elementor-element.elementor-element-3fd2d6d .elementor-icon-list-items:not(.elementor-inline-items) .elementor-icon-list-item:not(:last-child){padding-block-end:calc(5px\/2);}.elementor-3347 .elementor-element.elementor-element-3fd2d6d .elementor-icon-list-items:not(.elementor-inline-items) .elementor-icon-list-item:not(:first-child){margin-block-start:calc(5px\/2);}.elementor-3347 .elementor-element.elementor-element-3fd2d6d .elementor-icon-list-items.elementor-inline-items .elementor-icon-list-item{margin-inline:calc(5px\/2);}.elementor-3347 .elementor-element.elementor-element-3fd2d6d .elementor-icon-list-items.elementor-inline-items{margin-inline:calc(-5px\/2);}.elementor-3347 .elementor-element.elementor-element-3fd2d6d .elementor-icon-list-items.elementor-inline-items .elementor-icon-list-item:after{inset-inline-end:calc(-5px\/2);}.elementor-3347 .elementor-element.elementor-element-3fd2d6d .elementor-icon-list-icon i{color:var( --e-global-color-accent );transition:color 0.3s;}.elementor-3347 .elementor-element.elementor-element-3fd2d6d .elementor-icon-list-icon svg{fill:var( --e-global-color-accent );transition:fill 0.3s;}.elementor-3347 .elementor-element.elementor-element-3fd2d6d{--e-icon-list-icon-size:14px;--e-icon-list-icon-align:center;--e-icon-list-icon-margin:0 calc(var(--e-icon-list-icon-size, 1em) * 0.125);--icon-vertical-offset:0px;}.elementor-3347 .elementor-element.elementor-element-3fd2d6d .elementor-icon-list-item > .elementor-icon-list-text, .elementor-3347 .elementor-element.elementor-element-3fd2d6d .elementor-icon-list-item > a{font-family:var( --e-global-typography-77b3396-font-family ), Sans-serif;font-size:var( --e-global-typography-77b3396-font-size );font-weight:var( --e-global-typography-77b3396-font-weight );}.elementor-3347 .elementor-element.elementor-element-3fd2d6d .elementor-icon-list-text{color:var( --e-global-color-primary );transition:color 0.3s;}.elementor-3347 .elementor-element.elementor-element-1efd089{padding:100px 0px 100px 0px;}.elementor-3347 .elementor-element.elementor-element-1f7c622{margin-top:0px;margin-bottom:0px;}.elementor-3347 .elementor-element.elementor-element-2444cae{margin-top:0px;margin-bottom:0px;}.elementor-3347 .elementor-element.elementor-element-3ad8673{--spacer-size:50px;}:root{--page-title-display:none;}@media(max-width:1024px){.elementor-3347 .elementor-element.elementor-element-6f38877{padding:125px 15px 62px 15px;}.elementor-3347 .elementor-element.elementor-element-6d92516 > .elementor-element-populated{margin:0px 0px 30px 0px;--e-column-margin-right:0px;--e-column-margin-left:0px;}.elementor-3347 .elementor-element.elementor-element-3978487 .jeg-elementor-kit.jkit-heading .heading-title{font-size:var( --e-global-typography-82ec739-font-size );line-height:var( --e-global-typography-82ec739-line-height );letter-spacing:var( --e-global-typography-82ec739-letter-spacing );}.elementor-3347 .elementor-element.elementor-element-3978487 .jeg-elementor-kit.jkit-heading .heading-title > span{font-size:var( --e-global-typography-82ec739-font-size );line-height:var( --e-global-typography-82ec739-line-height );letter-spacing:var( --e-global-typography-82ec739-letter-spacing );}.elementor-3347 .elementor-element.elementor-element-3fd2d6d .elementor-icon-list-item > .elementor-icon-list-text, .elementor-3347 .elementor-element.elementor-element-3fd2d6d .elementor-icon-list-item > a{font-size:var( --e-global-typography-77b3396-font-size );}}@media(max-width:767px){.elementor-3347 .elementor-element.elementor-element-6d92516 > .elementor-element-populated{margin:0px 0px 0px 0px;--e-column-margin-right:0px;--e-column-margin-left:0px;}.elementor-3347 .elementor-element.elementor-element-3978487 .jeg-elementor-kit.jkit-heading .heading-title{font-size:var( --e-global-typography-82ec739-font-size );line-height:var( --e-global-typography-82ec739-line-height );letter-spacing:var( --e-global-typography-82ec739-letter-spacing );}.elementor-3347 .elementor-element.elementor-element-3978487 .jeg-elementor-kit.jkit-heading .heading-title > span{font-size:var( --e-global-typography-82ec739-font-size );line-height:var( --e-global-typography-82ec739-line-height );letter-spacing:var( --e-global-typography-82ec739-letter-spacing );}.elementor-3347 .elementor-element.elementor-element-3fd2d6d .elementor-icon-list-item > .elementor-icon-list-text, .elementor-3347 .elementor-element.elementor-element-3fd2d6d .elementor-icon-list-item > a{font-size:var( --e-global-typography-77b3396-font-size );}}@media(max-width:1024px) and (min-width:768px){.elementor-3347 .elementor-element.elementor-element-6d92516{width:100%;}}\/* Start custom CSS for section, class: .elementor-element-1efd089 *\/\/* Ana konteyner *\/\r\n.text--02__content_box {\r\n    position: relative;\r\n    padding: 60px 90px 3px;\r\n    background-color: white;\r\n    box-shadow: 0 2px 4px 0 rgba(136, 144, 195, 0.2), 0 5px 15px 0 rgba(37, 44, 97, 0.15);\r\n}\r\n\r\n\/* Alt kutu g\u00f6lge ve rotasyon efekti *\/\r\n.text--02__content_box--bottom {\r\n    position: absolute;\r\n    top: 0;\r\n    left: 0;\r\n    right: 0;\r\n    bottom: 0;\r\n    margin: auto;\r\n    z-index: -1;\r\n    transform: rotate(-3deg);\r\n    box-shadow: 0 2px 4px 0 rgba(136, 144, 195, 0.2), 0 5px 15px 0 rgba(37, 44, 97, 0.15);\r\n    background-color: white;\r\n}\r\n\r\n.text--02__content_box--top {\r\n    position: relative;\r\n    z-index: 10;\r\n}\/* End custom CSS *\/<\/style>\t\t<div data-elementor-type=\"wp-page\" data-elementor-id=\"3347\" class=\"elementor elementor-3347\" data-elementor-post-type=\"page\">\n\t\t\t\t\t\t<section class=\"elementor-section elementor-top-section elementor-element elementor-element-6f38877 elementor-section-boxed elementor-section-height-default elementor-section-height-default\" data-id=\"6f38877\" data-element_type=\"section\" data-settings=\"{&quot;background_background&quot;:&quot;gradient&quot;,&quot;shape_divider_bottom&quot;:&quot;waves&quot;}\">\n\t\t\t\t\t\t\t<div class=\"elementor-background-overlay\"><\/div>\n\t\t\t\t\t\t<div class=\"elementor-shape elementor-shape-bottom\" aria-hidden=\"true\" data-negative=\"false\">\n\t\t\t<svg xmlns=\"http:\/\/www.w3.org\/2000\/svg\" viewbox=\"0 0 1000 100\" preserveaspectratio=\"none\">\n\t<path class=\"elementor-shape-fill\" d=\"M421.9,6.5c22.6-2.5,51.5,0.4,75.5,5.3c23.6,4.9,70.9,23.5,100.5,35.7c75.8,32.2,133.7,44.5,192.6,49.7\tc23.6,2.1,48.7,3.5,103.4-2.5c54.7-6,106.2-25.6,106.2-25.6V0H0v30.3c0,0,72,32.6,158.4,30.5c39.2-0.7,92.8-6.7,134-22.4\tc21.2-8.1,52.2-18.2,79.7-24.2C399.3,7.9,411.6,7.5,421.9,6.5z\"\/>\n<\/svg>\t\t<\/div>\n\t\t\t\t\t<div class=\"elementor-container elementor-column-gap-default\">\n\t\t\t\t\t<div class=\"elementor-column elementor-col-100 elementor-top-column elementor-element elementor-element-6d92516\" data-id=\"6d92516\" data-element_type=\"column\">\n\t\t\t<div class=\"elementor-widget-wrap elementor-element-populated\">\n\t\t\t\t\t\t<div class=\"elementor-element elementor-element-3978487 elementor-widget elementor-widget-jkit_heading\" data-id=\"3978487\" data-element_type=\"widget\" data-widget_type=\"jkit_heading.default\">\n\t\t\t\t<div class=\"elementor-widget-container\">\n\t\t\t\t\t<div  class=\"jeg-elementor-kit jkit-heading  align-center align-tablet- align-mobile- jeg_module___69f8624767a85\" ><div class=\"heading-section-title  display-inline-block\"><h2 class=\"heading-title\"><span class=\"style-gradient\"><span>Kullan\u0131m \u015eartlar\u0131<\/span><\/span><\/h2><\/div><\/div>\t\t\t\t<\/div>\n\t\t\t\t<\/div>\n\t\t\t\t<div class=\"elementor-element elementor-element-3fd2d6d elementor-icon-list--layout-inline elementor-align-center elementor-list-item-link-full_width elementor-widget elementor-widget-icon-list\" data-id=\"3fd2d6d\" data-element_type=\"widget\" data-widget_type=\"icon-list.default\">\n\t\t\t\t<div class=\"elementor-widget-container\">\n\t\t\t\t\t\t\t<ul class=\"elementor-icon-list-items elementor-inline-items\">\n\t\t\t\t\t\t\t<li class=\"elementor-icon-list-item elementor-inline-item\">\n\t\t\t\t\t\t\t\t\t\t<span class=\"elementor-icon-list-text\">Ana sayfa<\/span>\n\t\t\t\t\t\t\t\t\t<\/li>\n\t\t\t\t\t\t\t\t<li class=\"elementor-icon-list-item elementor-inline-item\">\n\t\t\t\t\t\t\t\t\t\t\t<span class=\"elementor-icon-list-icon\">\n\t\t\t\t\t\t\t<i aria-hidden=\"true\" class=\"fas fa-chevron-right\"><\/i>\t\t\t\t\t\t<\/span>\n\t\t\t\t\t\t\t\t\t\t<span class=\"elementor-icon-list-text\">Kullan\u0131m \u015eartlar\u0131<\/span>\n\t\t\t\t\t\t\t\t\t<\/li>\n\t\t\t\t\t\t<\/ul>\n\t\t\t\t\t\t<\/div>\n\t\t\t\t<\/div>\n\t\t\t\t\t<\/div>\n\t\t<\/div>\n\t\t\t\t\t<\/div>\n\t\t<\/section>\n\t\t\t\t<section class=\"elementor-section elementor-top-section elementor-element elementor-element-1efd089 elementor-section-boxed elementor-section-height-default elementor-section-height-default\" data-id=\"1efd089\" data-element_type=\"section\">\n\t\t\t\t\t\t<div class=\"elementor-container elementor-column-gap-default\">\n\t\t\t\t\t<div class=\"elementor-column elementor-col-100 elementor-top-column elementor-element elementor-element-141da5d paper-container\" data-id=\"141da5d\" data-element_type=\"column\">\n\t\t\t<div class=\"elementor-widget-wrap elementor-element-populated\">\n\t\t\t\t\t\t<section class=\"elementor-section elementor-inner-section elementor-element elementor-element-1f7c622 text--02__content_box text--02__content_box--bottom elementor-section-boxed elementor-section-height-default elementor-section-height-default\" data-id=\"1f7c622\" data-element_type=\"section\">\n\t\t\t\t\t\t<div class=\"elementor-container elementor-column-gap-default\">\n\t\t\t\t\t<div class=\"elementor-column elementor-col-100 elementor-inner-column elementor-element elementor-element-48a6fc8\" data-id=\"48a6fc8\" data-element_type=\"column\">\n\t\t\t<div class=\"elementor-widget-wrap\">\n\t\t\t\t\t\t\t<\/div>\n\t\t<\/div>\n\t\t\t\t\t<\/div>\n\t\t<\/section>\n\t\t\t\t<section class=\"elementor-section elementor-inner-section elementor-element elementor-element-2444cae text--02__content_box text--02__content_box--top elementor-section-boxed elementor-section-height-default elementor-section-height-default\" data-id=\"2444cae\" data-element_type=\"section\">\n\t\t\t\t\t\t<div class=\"elementor-container elementor-column-gap-default\">\n\t\t\t\t\t<div class=\"elementor-column elementor-col-100 elementor-inner-column elementor-element elementor-element-604b5e1\" data-id=\"604b5e1\" data-element_type=\"column\">\n\t\t\t<div class=\"elementor-widget-wrap elementor-element-populated\">\n\t\t\t\t\t\t<div class=\"elementor-element elementor-element-faf8fb3 elementor-widget elementor-widget-heading\" data-id=\"faf8fb3\" data-element_type=\"widget\" data-widget_type=\"heading.default\">\n\t\t\t\t<div class=\"elementor-widget-container\">\n\t\t\t\t\t<h2 class=\"elementor-heading-title elementor-size-default\">Myco Site Kullan\u0131m \u015eartlar\u0131<\/h2>\t\t\t\t<\/div>\n\t\t\t\t<\/div>\n\t\t\t\t<div class=\"elementor-element elementor-element-3b3144f elementor-widget elementor-widget-heading\" data-id=\"3b3144f\" data-element_type=\"widget\" data-widget_type=\"heading.default\">\n\t\t\t\t<div class=\"elementor-widget-container\">\n\t\t\t\t\t<h6 class=\"elementor-heading-title elementor-size-default\">Son G\u00fcncelleme: 10 Aral\u0131k 2024<\/h6>\t\t\t\t<\/div>\n\t\t\t\t<\/div>\n\t\t\t\t<div class=\"elementor-element elementor-element-3ad8673 elementor-widget elementor-widget-spacer\" data-id=\"3ad8673\" data-element_type=\"widget\" data-widget_type=\"spacer.default\">\n\t\t\t\t<div class=\"elementor-widget-container\">\n\t\t\t\t\t\t\t<div class=\"elementor-spacer\">\n\t\t\t<div class=\"elementor-spacer-inner\"><\/div>\n\t\t<\/div>\n\t\t\t\t\t\t<\/div>\n\t\t\t\t<\/div>\n\t\t\t\t<div class=\"elementor-element elementor-element-2ee066e elementor-widget elementor-widget-text-editor\" data-id=\"2ee066e\" data-element_type=\"widget\" data-widget_type=\"text-editor.default\">\n\t\t\t\t<div class=\"elementor-widget-container\">\n\t\t\t\t\t\t\t\t\t<h3>1. Myco.site&#039;a Ho\u015f Geldiniz<\/h3><p>Myco.site&#039;\u0131 se\u00e7ti\u011finiz i\u00e7in te\u015fekk\u00fcr ederiz. Bu Kullan\u0131m \u015eartlar\u0131 Myco&#039;nun hizmetlerini ziyaret eden veya kullanan herkes i\u00e7in ge\u00e7erlidir.<\/p><h3>2. Ama\u00e7 ve Anla\u015fma<\/h3><p>2.1 <strong>Hizmet Amac\u0131<\/strong><br \/>Myco.site, kullan\u0131c\u0131lar\u0131n web olu\u015fturma ara\u00e7lar\u0131 ve pazarlama \u00f6zellikleri arac\u0131l\u0131\u011f\u0131yla \u00e7evrimi\u00e7i varl\u0131klar\u0131n\u0131 olu\u015fturmalar\u0131n\u0131, y\u00f6netmelerini ve optimize etmelerini sa\u011flar. Platform, site olu\u015fturma ve da\u011f\u0131t\u0131m\u0131n\u0131 basitle\u015ftirmek isteyen kullan\u0131c\u0131lar i\u00e7in tasarlanm\u0131\u015ft\u0131r.<\/p><p>2.2 <strong>Yasal Anla\u015fma<\/strong><br \/>Myco.site&#039;\u0131 kullanarak, bu \u015eartlar&#039;a ve Gizlilik Politikam\u0131z ile di\u011fer ilgili politikalara ba\u011fl\u0131 kalmay\u0131 kabul etmi\u015f olursunuz. Hizmetlerimizi kullanman\u0131z ayr\u0131ca Myco&#039;nun politikalar\u0131n\u0131 ve y\u00f6nergelerini anlad\u0131\u011f\u0131n\u0131z\u0131 ve kabul etti\u011finizi g\u00f6sterir. Bu \u015eartlar&#039;\u0131n herhangi bir b\u00f6l\u00fcm\u00fcn\u00fc kabul etmiyorsan\u0131z, l\u00fctfen hizmetlerimizi kullanmaktan ka\u00e7\u0131n\u0131n.<\/p><h3>3. Hesap Olu\u015fturma, Eri\u015fim ve G\u00fcvenlik<\/h3><p>3.1 <strong>Uygunluk<\/strong><br \/>Myco hizmetleri 18 ya\u015f ve \u00fczeri kullan\u0131c\u0131lara a\u00e7\u0131kt\u0131r. Bir hesap olu\u015fturarak, yasal ya\u015fta oldu\u011funuzu ve ba\u011flay\u0131c\u0131 bir s\u00f6zle\u015fme yapma kapasitesine sahip oldu\u011funuzu teyit edersiniz.<\/p><p>3.2 <strong>Hesap Olu\u015fturma<\/strong><br \/>Belirli Myco.site hizmetlerine eri\u015fmek i\u00e7in kullan\u0131c\u0131lar\u0131n kay\u0131t yapt\u0131rmalar\u0131 ve bir hesap olu\u015fturmalar\u0131 gerekir. Kay\u0131t s\u0131ras\u0131nda do\u011fru ve g\u00fcncel bilgileri sa\u011flamaktan siz sorumlusunuz.<\/p><p>3.3 <strong>G\u00fcvenlik ve Gizlilik<\/strong><br \/>Hesap bilgilerinizin gizli tutulmas\u0131ndan siz sorumlusunuz. Myco.site, hesab\u0131n\u0131za yetkisiz eri\u015fimden kaynaklanan herhangi bir kay\u0131p veya zarardan sorumlu tutulamaz.<\/p><h3>4. Abonelik Planlar\u0131 ve \u00d6deme<\/h3><p>4.1 <strong>\u00dccretsiz Deneme<\/strong><br \/>Myco, yeni kullan\u0131c\u0131lara premium \u00f6zellikleri ke\u015ffedebilece\u011finiz 15 g\u00fcnl\u00fck \u00fccretsiz deneme sunar. Denemeden sonra, belirli hizmetlere eri\u015fmeye devam etmek i\u00e7in bir abonelik plan\u0131 sat\u0131n al\u0131nmas\u0131 gerekir.<\/p><p>4.2 <strong>Abonelik \u00dccretleri<\/strong><br \/>Abonelik maliyetleri ve \u00f6deme planlar\u0131 Fiyatland\u0131rma Sayfam\u0131zda belirtilmi\u015ftir. \u00dccretsiz deneme s\u00fcresi sona erdikten sonra t\u00fcm \u00fccretler iade edilmez.<\/p><p>4.3 <strong>Yenilemeler ve \u0130ptaller<\/strong><br \/>T\u00fcm \u00fccretli planlar, en az 7 g\u00fcn \u00f6nceden iptal edilmedi\u011fi takdirde faturaland\u0131rma d\u00f6ng\u00fcs\u00fcn\u00fcn sonunda otomatik olarak yenilenir. \u0130ptal talepleri Myco kullan\u0131c\u0131 panosu arac\u0131l\u0131\u011f\u0131yla yap\u0131lmal\u0131d\u0131r.<\/p><h3>5. Fikri M\u00fclkiyet<\/h3><p>5.1 <strong>Myco \u0130\u00e7eri\u011finin Sahipli\u011fi<\/strong><br \/>Yaz\u0131l\u0131m, tasar\u0131mlar, ticari markalar ve metinler dahil ancak bunlarla s\u0131n\u0131rl\u0131 olmamak \u00fczere Myco taraf\u0131ndan sa\u011flanan t\u00fcm i\u00e7erik, Myco.site ve lisans verenlerinin m\u00fclkiyetindedir.<\/p><p>5.2 <strong>Kullan\u0131c\u0131 \u0130\u00e7eri\u011fi<\/strong><br \/>Kullan\u0131c\u0131lar, Myco platformlar\u0131nda yay\u0131nlad\u0131klar\u0131 i\u00e7eriklerin m\u00fclkiyetini elinde tutar. Myco.site&#039;\u0131 kullanarak, hizmetleri sa\u011flamak i\u00e7in gerekli oldu\u011fu \u015fekilde i\u00e7eri\u011finizi kullanma, \u00e7o\u011faltma ve g\u00f6r\u00fcnt\u00fcleme konusunda bize m\u00fcnhas\u0131r olmayan, telifsiz, d\u00fcnya \u00e7ap\u0131nda bir lisans vermi\u015f olursunuz.<\/p><p>5.3 <strong>Yasaklanm\u0131\u015f Kullan\u0131m<\/strong><br \/>Kullan\u0131c\u0131lar\u0131n \u00f6nceden yaz\u0131l\u0131 izin olmaks\u0131z\u0131n Myco i\u00e7eri\u011fini kopyalamas\u0131, de\u011fi\u015ftirmesi veya da\u011f\u0131tmas\u0131 yasakt\u0131r.<\/p><h3>6. Veri Gizlili\u011fi ve G\u00fcvenli\u011fi<\/h3><p>Myco.site, GDPR ve T\u00fcrkiye&#039;nin KVKK d\u00fczenlemeleri de dahil olmak \u00fczere veri gizlili\u011fi yasalar\u0131na uymaktad\u0131r. Veri uygulamalar\u0131m\u0131z hakk\u0131nda daha fazla bilgi i\u00e7in l\u00fctfen [Gizlilik Politikam\u0131za] bak\u0131n.<\/p><h3>7. Yapay Zeka Ara\u00e7lar\u0131n\u0131n Kullan\u0131m\u0131<\/h3><p>Myco, site i\u00e7eri\u011fi ve g\u00f6rselleri olu\u015fturmaya yard\u0131mc\u0131 olmak i\u00e7in AI destekli i\u00e7erik olu\u015fturma ara\u00e7lar\u0131 sunar. AI taraf\u0131ndan olu\u015fturulan i\u00e7erik, do\u011fruluk a\u00e7\u0131s\u0131ndan kullan\u0131c\u0131lar taraf\u0131ndan incelenmelidir ve Myco, hizmetlerimiz arac\u0131l\u0131\u011f\u0131yla olu\u015fturulan AI i\u00e7eri\u011fi i\u00e7in herhangi bir sorumluluk kabul etmez.<\/p><h3>8. Sorumlulu\u011fun S\u0131n\u0131rland\u0131r\u0131lmas\u0131<\/h3><p>Yasan\u0131n izin verdi\u011fi en geni\u015f kapsamda, Myco.site, ba\u011fl\u0131 kurulu\u015flar\u0131, \u00e7al\u0131\u015fanlar\u0131 ve temsilcileri, platformu kullan\u0131m\u0131n\u0131zdan kaynaklanan do\u011frudan, dolayl\u0131, tesad\u00fcfi veya sonu\u00e7sal zararlardan sorumlu de\u011fildir.<\/p><h3>9. Garantilerin Reddi<\/h3><p>Myco, herhangi bir t\u00fcrde garanti olmaks\u0131z\u0131n &quot;oldu\u011fu gibi&quot; ve &quot;mevcut oldu\u011fu \u015fekilde&quot; hizmetler sunar. Kesintisiz, g\u00fcvenli veya hatas\u0131z hizmeti garanti etmiyoruz.<\/p><h3>10. \u015eartlarda De\u011fi\u015fiklikler<\/h3><p>Myco, bu \u015eartlar\u0131 herhangi bir zamanda de\u011fi\u015ftirme hakk\u0131n\u0131 sakl\u0131 tutar. De\u011fi\u015fiklikler web sitemizde yay\u0131nlanacakt\u0131r ve hizmetlerimizin kullan\u0131lmaya devam edilmesi, de\u011fi\u015ftirilen \u015eartlar\u0131n kabul edildi\u011fi anlam\u0131na gelir.<\/p><h3>11. Y\u00fcr\u00fcrl\u00fckteki Hukuk ve Yarg\u0131 Yetkisi<\/h3><p>Bu \u015eartlar T\u00fcrkiye, Avrupa Birli\u011fi ve Amerika Birle\u015fik Devletleri yasalar\u0131na tabidir. Herhangi bir anla\u015fmazl\u0131k, ge\u00e7erli uluslararas\u0131 d\u00fczenlemelere tabi olarak T\u00fcrk mahkemelerinde \u00e7\u00f6z\u00fclecektir.<\/p><h3>12. Bildirimler ve \u0130leti\u015fim Bilgileri<\/h3><p>Bu \u015eartlar ile ilgili sorular\u0131n\u0131z varsa l\u00fctfen destek ekibimizle [ adresinden ileti\u015fime ge\u00e7in<a rel=\"noopener\">destek@myco.site<\/a>].<\/p>\t\t\t\t\t\t\t\t<\/div>\n\t\t\t\t<\/div>\n\t\t\t\t\t<\/div>\n\t\t<\/div>\n\t\t\t\t\t<\/div>\n\t\t<\/section>\n\t\t\t\t\t<\/div>\n\t\t<\/div>\n\t\t\t\t\t<\/div>\n\t\t<\/section>\n\t\t\t\t<\/div>","protected":false},"excerpt":{"rendered":"<p>Kullan\u0131m \u015eartlar\u0131 Ana Sayfa Kullan\u0131m \u015eartlar\u0131 Myco Site Kullan\u0131m \u015eartlar\u0131 1. Myco.site&#039;a Ho\u015f Geldiniz Myco.site&#039;\u0131 se\u00e7ti\u011finiz i\u00e7in te\u015fekk\u00fcr ederiz. Bu Kullan\u0131m \u015eartlar\u0131 Myco&#039;nun hizmetlerini ziyaret eden veya kullanan herkes i\u00e7in ge\u00e7erlidir. 2. Ama\u00e7 ve S\u00f6zle\u015fme 2.1 Hizmet Amac\u0131Myco.site, kullan\u0131c\u0131lar\u0131n web olu\u015fturma ara\u00e7lar\u0131 ve pazarlama [\u2026]<\/p>","protected":false},"author":36,"featured_media":0,"parent":0,"menu_order":0,"comment_status":"closed","ping_status":"closed","template":"elementor_header_footer","meta":{"googlesitekit_rrm_CAow2I3LDA:productID":"","footnotes":""},"class_list":["post-3347","page","type-page","status-publish","hentry"],"_links":{"self":[{"href":"https:\/\/myco.site\/tr\/wp-json\/wp\/v2\/pages\/3347","targetHints":{"allow":["GET"]}}],"collection":[{"href":"https:\/\/myco.site\/tr\/wp-json\/wp\/v2\/pages"}],"about":[{"href":"https:\/\/myco.site\/tr\/wp-json\/wp\/v2\/types\/page"}],"author":[{"embeddable":true,"href":"https:\/\/myco.site\/tr\/wp-json\/wp\/v2\/users\/36"}],"replies":[{"embeddable":true,"href":"https:\/\/myco.site\/tr\/wp-json\/wp\/v2\/comments?post=3347"}],"version-history":[{"count":0,"href":"https:\/\/myco.site\/tr\/wp-json\/wp\/v2\/pages\/3347\/revisions"}],"wp:attachment":[{"href":"https:\/\/myco.site\/tr\/wp-json\/wp\/v2\/media?parent=3347"}],"curies":[{"name":"wp","href":"https:\/\/api.w.org\/{rel}","templated":true}]}}